{"id":21124,"date":"2024-12-07T11:56:43","date_gmt":"2024-12-07T10:56:43","guid":{"rendered":"https:\/\/puntimmobiliari.es\/condiciones-de-uso\/"},"modified":"2025-04-15T16:12:38","modified_gmt":"2025-04-15T14:12:38","slug":"condicions-dus","status":"publish","type":"page","link":"https:\/\/puntimmobiliari.es\/ca\/condicions-dus\/","title":{"rendered":"Condicions d&#8217;\u00fas"},"content":{"rendered":"<p class=\"\" data-start=\"97\" data-end=\"112\"><strong data-start=\"97\" data-end=\"112\">1.- OBJECTE<\/strong><\/p>\n<p class=\"\" data-start=\"114\" data-end=\"502\">En compliment de la Llei 34\/2002, d\u201911 de juliol, de Serveis de la Societat de la Informaci\u00f3 i de Comer\u00e7 Electr\u00f2nic (LSSI-CE), s\u2019informa que les presents Condicions Generals d\u2019Acc\u00e9s i \u00das (d\u2019ara endavant les \u00b7Condicions d\u2019\u00das\u00b7) tenen per objecte regular les condicions d\u2019\u00fas i utilitzaci\u00f3 del lloc web o llocs web d\u2019Internet situats a l\u2019adre\u00e7a: <strong data-start=\"456\" data-end=\"478\">puntimmobiliari.es<\/strong>, i del qual \u00e9s titular:<\/p>\n<p class=\"\" data-start=\"504\" data-end=\"534\"><strong data-start=\"504\" data-end=\"534\">JOSE MANUEL CHAFER DESCALS<\/strong><\/p>\n<p class=\"\" data-start=\"536\" data-end=\"549\"><strong data-start=\"536\" data-end=\"549\">20423088P<\/strong><\/p>\n<p class=\"\" data-start=\"551\" data-end=\"604\"><strong data-start=\"551\" data-end=\"604\">Portal de Sant Francesc\/10 entres\u00f2l, 46800 X\u00e0tiva<\/strong><\/p>\n<p class=\"\" data-start=\"606\" data-end=\"646\">(d\u2019ara endavant <strong data-start=\"622\" data-end=\"644\">puntimmobiliari.es<\/strong>).<\/p>\n<p class=\"\" data-start=\"648\" data-end=\"1008\"><strong data-start=\"648\" data-end=\"670\">puntimmobiliari.es<\/strong>, ha estat elaborada per donar a con\u00e8ixer i permetre l\u2019acc\u00e9s a la informaci\u00f3 que cont\u00e9, amb les restriccions i limitacions que imposen aquestes Condicions Generals, aix\u00ed com permetre i possibilitar l\u2019acc\u00e9s a altres p\u00e0gines amb les quals el web de puntimmobiliari.es mantingui relacions comercials, professionals o de qualsevol altra mena.<\/p>\n<p class=\"\" data-start=\"1010\" data-end=\"1088\">L\u2019objecte social de <strong data-start=\"1030\" data-end=\"1052\">puntimmobiliari.es<\/strong> \u00e9s: <strong data-start=\"1057\" data-end=\"1088\">Punt Immobiliari i rodalies<\/strong><\/p>\n<hr class=\"\" data-start=\"1090\" data-end=\"1093\" \/>\n<p class=\"\" data-start=\"1095\" data-end=\"1134\"><strong data-start=\"1095\" data-end=\"1134\">2.- DRETS I OBLIGACIONS DE L\u2019USUARI<\/strong><\/p>\n<p class=\"\" data-start=\"1136\" data-end=\"1169\"><strong data-start=\"1136\" data-end=\"1169\">2.1.- CONDICIONS D\u2019ACC\u00c9S I \u00daS<\/strong><\/p>\n<p class=\"\" data-start=\"1171\" data-end=\"1317\">A trav\u00e9s de l\u2019adre\u00e7a situada a <strong data-start=\"1202\" data-end=\"1224\">puntimmobiliari.es<\/strong>, qualsevol usuari podr\u00e0 accedir gratu\u00eftament a la informaci\u00f3 continguda en el citat WEBSITE.<\/p>\n<p class=\"\" data-start=\"1319\" data-end=\"1611\">Les condicions d\u2019acc\u00e9s al web estan supeditades a les disposicions legals vigents en cada moment aix\u00ed com als principis de bona fe i \u00fas l\u00edcit per part de l\u2019Usuari, prohibint-se expressa i taxativament qualsevol tipus d\u2019actuaci\u00f3 que pugui anar en detriment o perjudici del Portal o de tercers.<\/p>\n<p class=\"\" data-start=\"1613\" data-end=\"1872\">El web no exigeix la pr\u00e8via subscripci\u00f3 ni registre per a la simple navegaci\u00f3, o per a l\u2019acc\u00e9s o utilitzaci\u00f3 d\u2019alguns serveis del web. Per contra, per rebre avisos per correu electr\u00f2nic sobre novetats en les ofertes o descomptes, \u00e9s necessari subscriure-s\u2019hi.<\/p>\n<p class=\"\" data-start=\"1874\" data-end=\"2122\">Els serveis o continguts que exigeixin subscripci\u00f3 per al seu acc\u00e9s o \u00fas aniran acompanyats de l\u2019av\u00eds corresponent de necessitat de subscripci\u00f3. Pel que fa al tractament de dades personals, vegeu la Pol\u00edtica de Privacitat de <strong data-start=\"2099\" data-end=\"2121\">puntimmobiliari.es<\/strong>.<\/p>\n<p class=\"\" data-start=\"2124\" data-end=\"2187\"><strong data-start=\"2124\" data-end=\"2187\">2.1.1.- ACCEPTACI\u00d3 DE LES CONDICIONS \/ SUBSCRIPCI\u00d3 D\u2019USUARI<\/strong><\/p>\n<p class=\"\" data-start=\"2189\" data-end=\"2394\">La mera utilitzaci\u00f3 del web o la confirmaci\u00f3 del camp corresponent en el proc\u00e9s de registre com a Usuari Subscriptor, implicar\u00e0 que queden acceptades les condicions generals d\u2019\u00fas de <strong data-start=\"2371\" data-end=\"2393\">puntimmobiliari.es<\/strong>.<\/p>\n<p class=\"\" data-start=\"2396\" data-end=\"2592\">A trav\u00e9s del web de <strong data-start=\"2416\" data-end=\"2438\">puntimmobiliari.es<\/strong> es facilitar\u00e0 a tots els Usuaris la possibilitat d\u2019accedir als continguts, serveis i altra informaci\u00f3 relacionada amb l\u2019objecte social d\u2019aquesta entitat.<\/p>\n<p class=\"\" data-start=\"2594\" data-end=\"2700\">Aquestes condicions d\u2019\u00fas constitueixen \u00edntegrament el conveni entre les parts tant en l\u2019acc\u00e9s com en l\u2019\u00fas.<\/p>\n<p class=\"\" data-start=\"2702\" data-end=\"3246\"><strong data-start=\"2702\" data-end=\"2724\">puntimmobiliari.es<\/strong> est\u00e0 facultada per modificar unilateralment totes i cadascuna de les obligacions disposades en aquestes Condicions Generals d\u2019\u00das, sense necessitat de previ av\u00eds. Igualment, est\u00e0 capacitada per a reestructurar, modificar o eliminar qualsevol informaci\u00f3, servei o contingut incl\u00f2s en el website, sense necessitat d\u2019av\u00eds previ. La modificaci\u00f3 de qualsevol de les presents condicions generals per a un cas particular nom\u00e9s tindr\u00e0 validesa quan hagi estat recollida per escrit i signada pels representants legals de cada part.<\/p>\n<p class=\"\" data-start=\"3248\" data-end=\"3654\">Igualment, <strong data-start=\"3259\" data-end=\"3281\">puntimmobiliari.es<\/strong> es reserva el perm\u00eds d\u2019acc\u00e9s o \u00fas d\u2019alguns dels Serveis del web, ara o en un futur, podent exigir per al seu acc\u00e9s la condici\u00f3 d\u2019Usuari Subscriptor, condici\u00f3 que en aquest cas es podr\u00e0 obtenir mitjan\u00e7ant la inserci\u00f3 del correu electr\u00f2nic de l\u2019usuari a la casella corresponent de subscripci\u00f3 que <strong data-start=\"3577\" data-end=\"3599\">puntimmobiliari.es<\/strong> posar\u00e0 a disposici\u00f3 dels Usuaris que aix\u00ed ho desitgin.<\/p>\n<p class=\"\" data-start=\"3656\" data-end=\"3682\"><strong data-start=\"3656\" data-end=\"3682\">Veracitat de les dades<\/strong><\/p>\n<p class=\"\" data-start=\"3684\" data-end=\"3988\">Amb l\u2019emplenament d\u2019aquests formularis, caselles de subscripci\u00f3 o eines similars, l\u2019USUARI reconeix que les dades subministrades s\u00f3n obtingudes directament de l\u2019usuari, veraces i certes, comprometent-se a notificar a <strong data-start=\"3901\" data-end=\"3923\">puntimmobiliari.es<\/strong>, qualsevol canvi o modificaci\u00f3 que es produeixi en les mateixes.<\/p>\n<hr class=\"\" data-start=\"3990\" data-end=\"3993\" \/>\n<p class=\"\" data-start=\"3995\" data-end=\"4039\"><strong data-start=\"3995\" data-end=\"4039\">2.2.- CONTINGUT I ACTUACIONS DE L\u2019USUARI<\/strong><\/p>\n<p class=\"\" data-start=\"4041\" data-end=\"4384\">L\u2019Usuari es compromet a fer un \u00fas l\u00edcit, diligent, honrat i correcte de tota la informaci\u00f3 o contingut al qual tingui acc\u00e9s ja sigui a trav\u00e9s de la p\u00e0gina web de <strong data-start=\"4203\" data-end=\"4225\">puntimmobiliari.es<\/strong> o de tercers pr\u00e8viament proporcionada per <strong data-start=\"4268\" data-end=\"4290\">puntimmobiliari.es<\/strong>, i tot aix\u00f2 sota els principis de bona fe i amb respecte en tot moment a la legalitat vigent.<\/p>\n<p class=\"\" data-start=\"4386\" data-end=\"4655\">L\u2019Usuari s\u2019haur\u00e0 d\u2019abstenir d\u2019obtenir, llevat per a \u00fas personal, qualsevol informaci\u00f3 (s\u2019ent\u00e9n per informaci\u00f3 qualsevol missatge, arxiu de so, fotografies, dibuixos, programari i en general qualsevol tipus d\u2019arxiu inform\u00e0tic o gr\u00e0fic, etc.) que sigui propietat del web.<\/p>\n<p class=\"\" data-start=\"4657\" data-end=\"5262\">Igualment, l\u2019Usuari adquireix el comprom\u00eds de no provocar maliciosament o intencionadament danys o perjudicis que puguin minvar, alterar el propi web aix\u00ed com no introduir, ni difondre els anomenats \u201cvirus inform\u00e0tics\u201d que puguin produir alteracions no autoritzades dels continguts o sistemes del web. El comprom\u00eds adquirit s\u2019ha de regir per la utilitzaci\u00f3 de continguts de conformitat amb el que disposa la llei, la moral i l\u2019ordre p\u00fablic; no copiar, reproduir, distribuir, cedir, transformar o modificar els continguts sense el previ consentiment per escrit de <strong data-start=\"5220\" data-end=\"5242\">puntimmobiliari.es<\/strong> o persona delegada.<\/p>\n<p class=\"\" data-start=\"5264\" data-end=\"5386\">En aquest sentit, <strong data-start=\"5282\" data-end=\"5304\">puntimmobiliari.es<\/strong> s\u2019exonera de qualsevol tipus de fallada o virus inform\u00e0tic introdu\u00eft per tercers.<\/p>\n<p class=\"\" data-start=\"5388\" data-end=\"5515\">S\u2019han de complir tots els requisits disposats en relaci\u00f3 amb els drets de propietat intel\u00b7lectual, industrial i altres an\u00e0legs.<\/p>\n<p class=\"\" data-start=\"5517\" data-end=\"5755\">La informaci\u00f3 proporcionada EN EL WEB no s\u2019ha de considerar en cap moment ni completa ni exhaustiva. <strong data-start=\"5618\" data-end=\"5640\">puntimmobiliari.es<\/strong>, per la seva part, tractar\u00e0 en la mesura de les seves possibilitats d\u2019actualitzar constantment aquesta informaci\u00f3.<\/p>\n<p class=\"\" data-start=\"5757\" data-end=\"6283\"><strong data-start=\"5757\" data-end=\"5779\">puntimmobiliari.es<\/strong> manifesta que el servei\/producte ofert en el web es correspon amb la descripci\u00f3 del mateix. No obstant aix\u00f2, queda exempta de responsabilitat per aquells sup\u00f2sits en qu\u00e8, per errors t\u00e8cnics o humans, hi hagi errors o variacions entre les imatges, la descripci\u00f3 i el preu. Igualment, es manifesta que les fotografies tenen un car\u00e0cter merament orientatiu, podent existir variacions quant al seu aspecte f\u00edsic, per\u00f2 sense menyscabar la integritat i prestacions del servei\/producte ofertat i\/o sol\u00b7licitat.<\/p>\n<p class=\"\" data-start=\"6285\" data-end=\"6458\"><strong data-start=\"6285\" data-end=\"6307\">puntimmobiliari.es<\/strong> s\u2019exonera dels continguts, informaci\u00f3, opinions o comentaris difosos a trav\u00e9s del seu web ni respondr\u00e0 de l\u2019\u00fas que l\u2019Usuari faci d\u2019aquesta informaci\u00f3.<\/p>\n<hr class=\"\" data-start=\"6460\" data-end=\"6463\" \/>\n<p class=\"\" data-start=\"6465\" data-end=\"6513\"><strong data-start=\"6465\" data-end=\"6513\">3.- DRET I OBLIGACIONS DE puntimmobiliari.es<\/strong><\/p>\n<p class=\"\" data-start=\"6515\" data-end=\"6714\"><strong data-start=\"6515\" data-end=\"6537\">puntimmobiliari.es<\/strong> respondr\u00e0 \u00fanica i exclusivament dels serveis que presti per ella mateixa i dels continguts originats directament pel propi web i identificats amb el seu corresponent copyright.<\/p>\n<p class=\"\" data-start=\"6716\" data-end=\"6946\">Es compromet a adoptar els mitjans i mesures necess\u00e0ries per garantir la seguretat i privacitat en les comunicacions. No respondr\u00e0 quan, adoptades les pertinents mesures de seguretat, aquestes siguin vulnerades per agents externs.<\/p>\n<p class=\"\" data-start=\"6948\" data-end=\"7288\">No ser\u00e0 responsable ni tan sols de forma indirecta o subsidi\u00e0ria, per cap contingut, informaci\u00f3, opini\u00f3 o manifestaci\u00f3 de qualsevol tipus que tingui el seu origen en l\u2019Usuari o terceres persones o entitats que tinguin acc\u00e9s, transmetin, comuniquin, tractin, exhibeixin o venguin dita informaci\u00f3 al web titularitat de <strong data-start=\"7265\" data-end=\"7287\">puntimmobiliari.es<\/strong>.<\/p>\n<p class=\"\" data-start=\"7290\" data-end=\"8067\">Es reserva el dret de suspendre temporalment la prestaci\u00f3 del servei sense previ av\u00eds a l\u2019Usuari, sempre que sigui necessari per realitzar operacions de manteniment, actualitzaci\u00f3 o millora del servei. Igualment, podr\u00e0 modificar les condicions d\u2019acc\u00e9s i\/o ubicaci\u00f3 concreta del contingut integrant del web, aix\u00ed com impedir, restringir, bloquejar, suprimir o retirar l\u2019acc\u00e9s als serveis als Usuaris que no en facin un \u00fas l\u00edcit, honrat i diligent. En la mateixa l\u00ednia podr\u00e0 retirar, bloquejar o restringir l\u2019\u00fas dels continguts introdu\u00efts per terceres persones que siguin il\u00b7l\u00edcits, racistes, delictius, de defensa del terrorisme, violaci\u00f3 dels drets humans, difamatoris, pornogr\u00e0fics, constitutius d\u2019estafa o que infringeixin qualsevol llei o normativa nacional o internacional.<\/p>\n<p class=\"\" data-start=\"8069\" data-end=\"8300\">No assegura la disponibilitat ni continu\u00eftat permanent del web per interrupcions, fallades, etc., ni respondr\u00e0 dels danys i perjudicis que puguin causar-se als Usuaris pels virus inform\u00e0tics o agents externs introdu\u00efts per tercers.<\/p>\n<p class=\"\" data-start=\"8302\" data-end=\"8632\">El Website posa a disposici\u00f3 dels Usuaris certes eines com fitxes, botons, b\u00e0ners, enlla\u00e7os que permetin accedir a continguts o altres llocs. La instal\u00b7laci\u00f3 d\u2019aquestes eines t\u00e9 com a finalitat facilitar la navegaci\u00f3 a l\u2019Usuari, per\u00f2 <strong data-start=\"8536\" data-end=\"8558\">puntimmobiliari.es<\/strong> no es fa responsable dels llocs a qu\u00e8 accedeixi l\u2019Usuari a trav\u00e9s d\u2019ella.<\/p>\n<hr class=\"\" data-start=\"8634\" data-end=\"8637\" \/>\n<p class=\"\" data-start=\"8639\" data-end=\"8670\"><strong data-start=\"8639\" data-end=\"8670\">4.- PROPIETAT INTEL\u00b7LECTUAL<\/strong><\/p>\n<p class=\"\" data-start=\"8672\" data-end=\"9074\">La totalitat dels continguts als quals s\u2019accedeixi a trav\u00e9s del servei prestat per <strong data-start=\"8755\" data-end=\"8777\">puntimmobiliari.es<\/strong> estan subjectes als Drets de Propietat Intel\u00b7lectual i Industrial de <strong data-start=\"8847\" data-end=\"8869\">puntimmobiliari.es<\/strong> o de tercers. Aquests continguts no podran ser utilitzats, duplicats, distribu\u00efts, venuts, explotats ni amb prop\u00f2sits comercials ni no comercials, sense el consentiment previ i per escrit del seu titular.<\/p>\n<p class=\"\" data-start=\"9076\" data-end=\"9348\">Igualment, <strong data-start=\"9087\" data-end=\"9109\">puntimmobiliari.es<\/strong> ser\u00e0 responsable de les marques, logotips i altres signes distintius que figurin en qualsevol part del lloc web i que siguin de la seva propietat, aix\u00ed com titular dels drets de propietat intel\u00b7lectual o industrial o com a llicenciat\u00e0ria.<\/p>\n<p class=\"\" data-start=\"9350\" data-end=\"9671\">Tots els continguts i parts integrants del website de <strong data-start=\"9404\" data-end=\"9426\">puntimmobiliari.es<\/strong> han estat inclosos segons els principis de bona fe, indicant que la informaci\u00f3 pot procedir total o parcialment de fonts externes. Per tant, <strong data-start=\"9568\" data-end=\"9590\">puntimmobiliari.es<\/strong> no es responsabilitza de la inexactitud o manca d\u2019actualitzaci\u00f3 dels continguts.<\/p>\n<p class=\"\" data-start=\"9673\" data-end=\"9807\">Els continguts de fonts internes estaran identificats amb el seu copyright, i s\u00f3n responsabilitat exclusiva de <strong data-start=\"9784\" data-end=\"9806\">puntimmobiliari.es<\/strong>.<\/p>\n<hr class=\"\" data-start=\"9809\" data-end=\"9812\" \/>\n<p class=\"\" data-start=\"9814\" data-end=\"9840\"><strong data-start=\"9814\" data-end=\"9840\">5.- PROTECCI\u00d3 DE DADES<\/strong><\/p>\n<p class=\"\" data-start=\"9842\" data-end=\"10121\"><strong data-start=\"9842\" data-end=\"9864\">puntimmobiliari.es<\/strong>, plenament conscienciada de l\u2019\u00fas i tractament que s\u2019ha de donar a les dades de car\u00e0cter personal i en virtut de la normativa legal existent (LOPD i LSSICE), ha implantat un sistema per preservar la seguretat, integritat i confidencialitat d\u2019aquestes dades.<\/p>\n<p class=\"\" data-start=\"10123\" data-end=\"10437\">Per aix\u00f2, a m\u00e9s de complir \u00edntegrament tots els requisits de la Llei Org\u00e0nica 15\/1999, del 13 de desembre, de Protecci\u00f3 de Dades de Car\u00e0cter Personal, i de la Llei 34\/2002 LSSICE, garanteix un \u00fas legal i lleial de les dades i un sistema adequat per exercir els drets d\u2019acc\u00e9s, rectificaci\u00f3, cancel\u00b7laci\u00f3 i oposici\u00f3.<\/p>\n<p class=\"\" data-start=\"10439\" data-end=\"10610\">D\u2019acord amb la seva pol\u00edtica de privacitat, qualsevol persona podr\u00e0 exercir aquests drets mitjan\u00e7ant l\u2019enviament d\u2019un correu electr\u00f2nic a: <strong data-start=\"10578\" data-end=\"10610\"><a rel=\"noopener\" data-start=\"10580\" data-end=\"10608\">comercial@puntimmobiliari.es<\/a><\/strong><\/p>\n<p class=\"\" data-start=\"10612\" data-end=\"10678\">Vegeu la Pol\u00edtica de Privacitat del Portal <strong data-start=\"10655\" data-end=\"10677\">puntimmobiliari.es<\/strong>.<\/p>\n<hr class=\"\" data-start=\"10680\" data-end=\"10683\" \/>\n<p class=\"\" data-start=\"10685\" data-end=\"10709\"><strong data-start=\"10685\" data-end=\"10709\">6.- FUR I LEGISLACI\u00d3<\/strong><\/p>\n<p class=\"\" data-start=\"10711\" data-end=\"11206\">Aquestes Condicions d\u2019\u00fas se sotmeten a la legislaci\u00f3 espanyola, que ser\u00e0 aplicable en relaci\u00f3 amb la seva validesa, interpretaci\u00f3, execuci\u00f3 i compliment. Totes les discrep\u00e0ncies, reclamacions i controv\u00e8rsies seran resoltes entre venedor i consumidor mitjan\u00e7ant la intervenci\u00f3 d\u2019una organitzaci\u00f3 de consumidors, o un altre organisme espanyol de resoluci\u00f3 de disputes:<br data-start=\"11077\" data-end=\"11080\" \/><a class=\"\" href=\"https:\/\/ec.europa.eu\/consumers\/odr\/main\/?event=main.adr.show2\" target=\"_new\" rel=\"noopener\" data-start=\"11080\" data-end=\"11206\">https:\/\/ec.europa.eu\/consumers\/odr\/main\/?event=main.adr.show2<\/a><\/p>\n<p class=\"\" data-start=\"11208\" data-end=\"11309\">L\u2019Usuari declara haver llegit, con\u00e8ixer i acceptar aquestes Condicions Generals en la seva totalitat.<\/p>\n","protected":false},"excerpt":{"rendered":"<p>1.- OBJECTE En compliment de la Llei 34\/2002, d\u201911 de&hellip; <a class=\"continue\" href=\"https:\/\/puntimmobiliari.es\/ca\/condicions-dus\/\">Continuar<span> Condicions d&#8217;\u00fas<\/span><\/a><\/p>\n","protected":false},"author":1,"featured_media":0,"parent":0,"menu_order":0,"comment_status":"closed","ping_status":"closed","template":"","meta":{"footnotes":""},"class_list":["post-21124","page","type-page","status-publish","hentry"],"acf":[],"yoast_head":"<!-- This site is optimized with the Yoast SEO plugin v24.7 - https:\/\/yoast.com\/wordpress\/plugins\/seo\/ -->\n<title>Condicions d&#039;\u00fas<\/title>\n<meta name=\"description\" content=\"Descobreix les nostres Condicions d\u00b4\u00das, on trobar\u00e0s informaci\u00f3 important sobre l\u00b4\u00fas dels nostres serveis, drets i responsabilitats.\" \/>\n<meta name=\"robots\" content=\"index, follow, max-snippet:-1, max-image-preview:large, max-video-preview:-1\" \/>\n<link rel=\"canonical\" href=\"https:\/\/puntimmobiliari.es\/ca\/condicions-dus\/\" \/>\n<meta property=\"og:locale\" content=\"ca_ES\" \/>\n<meta property=\"og:type\" content=\"article\" \/>\n<meta property=\"og:title\" content=\"Condicions d&#039;\u00fas\" \/>\n<meta property=\"og:description\" content=\"Descobreix les nostres Condicions d\u00b4\u00das, on trobar\u00e0s informaci\u00f3 important sobre l\u00b4\u00fas dels nostres serveis, drets i responsabilitats.\" \/>\n<meta property=\"og:url\" content=\"https:\/\/puntimmobiliari.es\/ca\/condicions-dus\/\" \/>\n<meta property=\"og:site_name\" content=\"Jose Manuel Chafer Descals\" \/>\n<meta property=\"article:modified_time\" content=\"2025-04-15T14:12:38+00:00\" \/>\n<meta name=\"twitter:card\" content=\"summary_large_image\" \/>\n<meta name=\"twitter:label1\" content=\"Temps estimat de lectura\" \/>\n\t<meta name=\"twitter:data1\" content=\"9 minuts\" \/>\n<!-- \/ Yoast SEO plugin. -->","yoast_head_json":{"title":"Condicions d'\u00fas","description":"Descobreix les nostres Condicions d\u00b4\u00das, on trobar\u00e0s informaci\u00f3 important sobre l\u00b4\u00fas dels nostres serveis, drets i responsabilitats.","robots":{"index":"index","follow":"follow","max-snippet":"max-snippet:-1","max-image-preview":"max-image-preview:large","max-video-preview":"max-video-preview:-1"},"canonical":"https:\/\/puntimmobiliari.es\/ca\/condicions-dus\/","og_locale":"ca_ES","og_type":"article","og_title":"Condicions d'\u00fas","og_description":"Descobreix les nostres Condicions d\u00b4\u00das, on trobar\u00e0s informaci\u00f3 important sobre l\u00b4\u00fas dels nostres serveis, drets i responsabilitats.","og_url":"https:\/\/puntimmobiliari.es\/ca\/condicions-dus\/","og_site_name":"Jose Manuel Chafer Descals","article_modified_time":"2025-04-15T14:12:38+00:00","twitter_card":"summary_large_image","twitter_misc":{"Temps estimat de lectura":"9 minuts"},"schema":{"@context":"https:\/\/schema.org","@graph":[{"@type":"WebPage","@id":"https:\/\/puntimmobiliari.es\/ca\/condicions-dus\/","url":"https:\/\/puntimmobiliari.es\/ca\/condicions-dus\/","name":"Condicions d'\u00fas","isPartOf":{"@id":"https:\/\/puntimmobiliari.es\/#website"},"datePublished":"2024-12-07T10:56:43+00:00","dateModified":"2025-04-15T14:12:38+00:00","description":"Descobreix les nostres Condicions d\u00b4\u00das, on trobar\u00e0s informaci\u00f3 important sobre l\u00b4\u00fas dels nostres serveis, drets i responsabilitats.","breadcrumb":{"@id":"https:\/\/puntimmobiliari.es\/ca\/condicions-dus\/#breadcrumb"},"inLanguage":"ca","potentialAction":[{"@type":"ReadAction","target":["https:\/\/puntimmobiliari.es\/ca\/condicions-dus\/"]}]},{"@type":"BreadcrumbList","@id":"https:\/\/puntimmobiliari.es\/ca\/condicions-dus\/#breadcrumb","itemListElement":[{"@type":"ListItem","position":1,"name":"Portada","item":"https:\/\/puntimmobiliari.es\/ca\/"},{"@type":"ListItem","position":2,"name":"Condicions d&#8217;\u00fas"}]},{"@type":"WebSite","@id":"https:\/\/puntimmobiliari.es\/#website","url":"https:\/\/puntimmobiliari.es\/","name":"Jose Manuel Chafer Descals","description":"Inmobiliaria Xativa","potentialAction":[{"@type":"SearchAction","target":{"@type":"EntryPoint","urlTemplate":"https:\/\/puntimmobiliari.es\/?s={search_term_string}"},"query-input":{"@type":"PropertyValueSpecification","valueRequired":true,"valueName":"search_term_string"}}],"inLanguage":"ca"}]}},"_links":{"self":[{"href":"https:\/\/puntimmobiliari.es\/ca\/wp-json\/wp\/v2\/pages\/21124","targetHints":{"allow":["GET"]}}],"collection":[{"href":"https:\/\/puntimmobiliari.es\/ca\/wp-json\/wp\/v2\/pages"}],"about":[{"href":"https:\/\/puntimmobiliari.es\/ca\/wp-json\/wp\/v2\/types\/page"}],"author":[{"embeddable":true,"href":"https:\/\/puntimmobiliari.es\/ca\/wp-json\/wp\/v2\/users\/1"}],"replies":[{"embeddable":true,"href":"https:\/\/puntimmobiliari.es\/ca\/wp-json\/wp\/v2\/comments?post=21124"}],"version-history":[{"count":2,"href":"https:\/\/puntimmobiliari.es\/ca\/wp-json\/wp\/v2\/pages\/21124\/revisions"}],"predecessor-version":[{"id":22135,"href":"https:\/\/puntimmobiliari.es\/ca\/wp-json\/wp\/v2\/pages\/21124\/revisions\/22135"}],"wp:attachment":[{"href":"https:\/\/puntimmobiliari.es\/ca\/wp-json\/wp\/v2\/media?parent=21124"}],"curies":[{"name":"wp","href":"https:\/\/api.w.org\/{rel}","templated":true}]}}