{"id":22291,"date":"2025-05-16T14:38:04","date_gmt":"2025-05-16T12:38:04","guid":{"rendered":"https:\/\/puntimmobiliari.es\/lloguer-pis-xativa\/"},"modified":"2025-05-16T14:40:05","modified_gmt":"2025-05-16T12:40:05","slug":"lloguer-pis-xativa","status":"publish","type":"page","link":"https:\/\/puntimmobiliari.es\/ca\/lloguer-pis-xativa\/","title":{"rendered":"Lloguer pis Xativa"},"content":{"rendered":"<p><div class=\"fusion-fullwidth fullwidth-box fusion-builder-row-1 fusion-flex-container has-pattern-background has-mask-background nonhundred-percent-fullwidth non-hundred-percent-height-scrolling\" style=\"--awb-border-radius-top-left:0px;--awb-border-radius-top-right:0px;--awb-border-radius-bottom-right:0px;--awb-border-radius-bottom-left:0px;--awb-margin-top:40px;--awb-flex-wrap:wrap;\" ><div class=\"fusion-builder-row fusion-row fusion-flex-align-items-flex-start fusion-flex-content-wrap\" style=\"max-width:1456px;margin-left: calc(-4% \/ 2 );margin-right: calc(-4% \/ 2 );\"><div class=\"fusion-layout-column fusion_builder_column fusion-builder-column-0 fusion_builder_column_1_2 1_2 fusion-flex-column fusion-flex-align-self-stretch\" style=\"--awb-bg-size:cover;--awb-width-large:50%;--awb-margin-top-large:16px;--awb-spacing-right-large:3.84%;--awb-margin-bottom-large:16px;--awb-spacing-left-large:3.84%;--awb-width-medium:50%;--awb-order-medium:0;--awb-spacing-right-medium:3.84%;--awb-spacing-left-medium:3.84%;--awb-width-small:100%;--awb-order-small:0;--awb-spacing-right-small:1.92%;--awb-spacing-left-small:1.92%;\" data-scroll-devices=\"small-visibility,medium-visibility,large-visibility\"><div class=\"fusion-column-wrapper lazyload fusion-column-has-shadow fusion-flex-justify-content-flex-start fusion-content-layout-column fusion-empty-column-bg-image fusion-column-has-bg-image\" data-bg-url=\"https:\/\/puntimmobiliari.es\/wp-content\/uploads\/2024\/12\/alquiler.jpg\" data-bg=\"https:\/\/puntimmobiliari.es\/wp-content\/uploads\/2024\/12\/alquiler.jpg\"><img decoding=\"async\" class=\"fusion-empty-dims-img-placeholder\" src=\"data:image\/svg+xml,%3Csvg%20xmlns%3D%27http%3A%2F%2Fwww.w3.org%2F2000%2Fsvg%27%20width%3D%27361%27%20height%3D%27266%27%20viewBox%3D%270%200%20361%20266%27%3E%3Crect%20width%3D%27361%27%20height%3D%27266%27%20fill-opacity%3D%220%22%2F%3E%3C%2Fsvg%3E\"><\/div><\/div><div class=\"fusion-layout-column fusion_builder_column fusion-builder-column-1 fusion_builder_column_1_2 1_2 fusion-flex-column fusion-flex-align-self-center\" style=\"--awb-bg-size:cover;--awb-width-large:50%;--awb-margin-top-large:16px;--awb-spacing-right-large:3.84%;--awb-margin-bottom-large:16px;--awb-spacing-left-large:3.84%;--awb-width-medium:50%;--awb-order-medium:0;--awb-spacing-right-medium:3.84%;--awb-spacing-left-medium:3.84%;--awb-width-small:100%;--awb-order-small:0;--awb-spacing-right-small:1.92%;--awb-spacing-left-small:1.92%;\" data-scroll-devices=\"small-visibility,medium-visibility,large-visibility\"><div class=\"fusion-column-wrapper fusion-column-has-shadow fusion-flex-justify-content-center fusion-content-layout-column\"><div class=\"fusion-title title fusion-title-1 fusion-sep-none fusion-title-text fusion-title-size-two\"><h2 class=\"fusion-title-heading title-heading-left fusion-responsive-typography-calculated\" style=\"margin:0;--fontSize:48;line-height:1.18;\">Troba la teva nova llar a X\u00e0tiva amb Punt Immobiliari<\/h2><\/div><div class=\"fusion-text fusion-text-1\"><p class=\"\" data-start=\"866\" data-end=\"1073\">A <strong data-start=\"869\" data-end=\"889\">Punt Immobiliari<\/strong> no nom\u00e9s lloguem habitatges, t&#8217;ajudem a comen\u00e7ar una nova etapa. Disposem d&#8217;una <strong data-start=\"978\" data-end=\"1027\">\u00e0mplia cartera de pisos de lloguer a X\u00e0tiva<\/strong> , adaptats a tots els gustos i pressupostos. <\/p>\n<h3 class=\"\" data-start=\"1075\" data-end=\"1127\">Quins tipus de pisos pots llogar amb nosaltres?<\/h3>\n<ul data-start=\"1129\" data-end=\"1387\">\n<li class=\"\" data-start=\"1129\" data-end=\"1187\">\n<p class=\"\" data-start=\"1131\" data-end=\"1187\">Pisos c\u00e8ntrics a X\u00e0tiva a prop de tots els serveis<\/p>\n<\/li>\n<li class=\"\" data-start=\"1188\" data-end=\"1230\">\n<p class=\"\" data-start=\"1190\" data-end=\"1230\">Habitatges a urbanitzacions tranquil\u00b7les<\/p>\n<\/li>\n<li class=\"\" data-start=\"1231\" data-end=\"1288\">\n<p class=\"\" data-start=\"1233\" data-end=\"1288\">Pisos moblats o buits, llestos per entrar a viure<\/p>\n<\/li>\n<li class=\"\" data-start=\"1289\" data-end=\"1338\">\n<p class=\"\" data-start=\"1291\" data-end=\"1338\">Opcions per a estudiants, parelles o fam\u00edlies<\/p>\n<\/li>\n<li class=\"\" data-start=\"1339\" data-end=\"1387\">\n<p class=\"\" data-start=\"1341\" data-end=\"1387\">Pisos amb garatge, terrassa, traster o ascensor<\/p>\n<\/li>\n<\/ul>\n<p class=\"\" data-start=\"1389\" data-end=\"1486\">Consulta la nostra secci\u00f3 de <a class=\"cursor-pointer\" target=\"_new\" rel=\"noopener\" data-start=\"1417\" data-end=\"1485\">pisos disponibles de lloguer<\/a> .<\/p>\n<\/div><div ><a class=\"fusion-button button-flat fusion-button-default-size button-default fusion-button-default button-1 fusion-button-default-span fusion-button-default-type\" target=\"_self\" href=\"https:\/\/puntimmobiliari.es\/rentals\/\"><span class=\"fusion-button-text\">Veure pisos de lloguer<\/span><\/a><\/div><\/div><\/div><\/div><\/div><div class=\"fusion-fullwidth fullwidth-box fusion-builder-row-2 fusion-flex-container has-pattern-background has-mask-background nonhundred-percent-fullwidth non-hundred-percent-height-scrolling\" style=\"--awb-border-radius-top-left:0px;--awb-border-radius-top-right:0px;--awb-border-radius-bottom-right:0px;--awb-border-radius-bottom-left:0px;--awb-margin-top:40px;--awb-flex-wrap:wrap;\" ><div class=\"fusion-builder-row fusion-row fusion-flex-align-items-flex-start fusion-flex-content-wrap\" style=\"max-width:1456px;margin-left: calc(-4% \/ 2 );margin-right: calc(-4% \/ 2 );\"><div class=\"fusion-layout-column fusion_builder_column fusion-builder-column-2 fusion_builder_column_1_2 1_2 fusion-flex-column fusion-flex-align-self-center\" style=\"--awb-bg-size:cover;--awb-width-large:50%;--awb-margin-top-large:16px;--awb-spacing-right-large:3.84%;--awb-margin-bottom-large:16px;--awb-spacing-left-large:3.84%;--awb-width-medium:50%;--awb-order-medium:0;--awb-spacing-right-medium:3.84%;--awb-spacing-left-medium:3.84%;--awb-width-small:100%;--awb-order-small:0;--awb-spacing-right-small:1.92%;--awb-spacing-left-small:1.92%;\" data-scroll-devices=\"small-visibility,medium-visibility,large-visibility\"><div class=\"fusion-column-wrapper fusion-column-has-shadow fusion-flex-justify-content-center fusion-content-layout-column\"><div class=\"fusion-title title fusion-title-2 fusion-sep-none fusion-title-text fusion-title-size-two\"><h2 class=\"fusion-title-heading title-heading-left fusion-responsive-typography-calculated\" style=\"margin:0;--fontSize:48;line-height:1.18;\">Per qu\u00e8 llogar pis a X\u00e0tiva amb Punt Immobiliari?<\/h2><\/div><div class=\"fusion-text fusion-text-2\"><h3 class=\"\" data-start=\"1555\" data-end=\"1596\">\u2714 M\u00e9s de 30 anys d&#8217;experi\u00e8ncia local<\/h3>\n<p class=\"\" data-start=\"1598\" data-end=\"1804\">Som una immobili\u00e0ria de X\u00e0tiva de tota la vida. Coneixem cada barri, cada carrer i cada oportunitat. El nostre equip est\u00e0 format per professionals experts en gesti\u00f3 immobili\u00e0ria, legals i financers.  <\/p>\n<h3 class=\"\" data-start=\"1806\" data-end=\"1844\">\u2714 Atenci\u00f3 propera i personalitzada<\/h3>\n<p class=\"\" data-start=\"1846\" data-end=\"2003\">Ens prenem el temps per escoltar-te i oferir-te nom\u00e9s el que realment encaixa amb tu. Res de visites innecess\u00e0ries ni pisos que no compleixen el que prometen. <\/p>\n<h3 class=\"\" data-start=\"2005\" data-end=\"2036\">\u2714 Seguretat i transpar\u00e8ncia<\/h3>\n<p class=\"\" data-start=\"2038\" data-end=\"2160\">Ens ocupem de tot: contractes, fiances, assegurances d&#8217;impagament, revisions&#8230; Tu nom\u00e9s preocupa&#8217;t de gaudir la teva nova llar. <\/p>\n<\/div><div ><a class=\"fusion-button button-flat fusion-button-default-size button-default fusion-button-default button-2 fusion-button-default-span fusion-button-default-type\" target=\"_self\" href=\"https:\/\/puntimmobiliari.es\/ca\/immobiliaria-xativa\/\"><span class=\"fusion-button-text\">Coneix-nos<\/span><\/a><\/div><\/div><\/div><div class=\"fusion-layout-column fusion_builder_column fusion-builder-column-3 fusion_builder_column_1_2 1_2 fusion-flex-column fusion-flex-align-self-stretch\" style=\"--awb-bg-size:cover;--awb-width-large:50%;--awb-margin-top-large:16px;--awb-spacing-right-large:3.84%;--awb-margin-bottom-large:16px;--awb-spacing-left-large:3.84%;--awb-width-medium:50%;--awb-order-medium:0;--awb-spacing-right-medium:3.84%;--awb-spacing-left-medium:3.84%;--awb-width-small:100%;--awb-order-small:0;--awb-spacing-right-small:1.92%;--awb-spacing-left-small:1.92%;\" data-scroll-devices=\"small-visibility,medium-visibility,large-visibility\"><div class=\"fusion-column-wrapper lazyload fusion-column-has-shadow fusion-flex-justify-content-flex-start fusion-content-layout-column fusion-empty-column-bg-image fusion-column-has-bg-image\" data-bg-url=\"https:\/\/puntimmobiliari.es\/wp-content\/uploads\/2024\/12\/inmobiliaria-foto.jpeg\" data-bg=\"https:\/\/puntimmobiliari.es\/wp-content\/uploads\/2024\/12\/inmobiliaria-foto.jpeg\"><img decoding=\"async\" class=\"fusion-empty-dims-img-placeholder\" src=\"data:image\/svg+xml,%3Csvg%20xmlns%3D%27http%3A%2F%2Fwww.w3.org%2F2000%2Fsvg%27%20width%3D%271518%27%20height%3D%27800%27%20viewBox%3D%270%200%201518%20800%27%3E%3Crect%20width%3D%271518%27%20height%3D%27800%27%20fill-opacity%3D%220%22%2F%3E%3C%2Fsvg%3E\"><\/div><\/div><\/div><\/div><div class=\"fusion-fullwidth fullwidth-box fusion-builder-row-3 fusion-flex-container has-pattern-background has-mask-background nonhundred-percent-fullwidth non-hundred-percent-height-scrolling\" style=\"--awb-border-radius-top-left:0px;--awb-border-radius-top-right:0px;--awb-border-radius-bottom-right:0px;--awb-border-radius-bottom-left:0px;--awb-margin-top:40px;--awb-flex-wrap:wrap;\" ><div class=\"fusion-builder-row fusion-row fusion-flex-align-items-flex-start fusion-flex-content-wrap\" style=\"max-width:1456px;margin-left: calc(-4% \/ 2 );margin-right: calc(-4% \/ 2 );\"><div class=\"fusion-layout-column fusion_builder_column fusion-builder-column-4 fusion_builder_column_1_2 1_2 fusion-flex-column fusion-flex-align-self-stretch\" style=\"--awb-bg-size:cover;--awb-width-large:50%;--awb-margin-top-large:16px;--awb-spacing-right-large:3.84%;--awb-margin-bottom-large:16px;--awb-spacing-left-large:3.84%;--awb-width-medium:50%;--awb-order-medium:0;--awb-spacing-right-medium:3.84%;--awb-spacing-left-medium:3.84%;--awb-width-small:100%;--awb-order-small:0;--awb-spacing-right-small:1.92%;--awb-spacing-left-small:1.92%;\" data-scroll-devices=\"small-visibility,medium-visibility,large-visibility\"><div class=\"fusion-column-wrapper lazyload fusion-column-has-shadow fusion-flex-justify-content-flex-start fusion-content-layout-column fusion-empty-column-bg-image fusion-column-has-bg-image\" data-bg-url=\"https:\/\/puntimmobiliari.es\/wp-content\/uploads\/2024\/12\/64f23610086c0.webp\" data-bg=\"https:\/\/puntimmobiliari.es\/wp-content\/uploads\/2024\/12\/64f23610086c0.webp\"><img decoding=\"async\" class=\"fusion-empty-dims-img-placeholder\" src=\"data:image\/svg+xml,%3Csvg%20xmlns%3D%27http%3A%2F%2Fwww.w3.org%2F2000%2Fsvg%27%20width%3D%271200%27%20height%3D%27630%27%20viewBox%3D%270%200%201200%20630%27%3E%3Crect%20width%3D%271200%27%20height%3D%27630%27%20fill-opacity%3D%220%22%2F%3E%3C%2Fsvg%3E\"><\/div><\/div><div class=\"fusion-layout-column fusion_builder_column fusion-builder-column-5 fusion_builder_column_1_2 1_2 fusion-flex-column fusion-flex-align-self-center\" style=\"--awb-bg-size:cover;--awb-width-large:50%;--awb-margin-top-large:16px;--awb-spacing-right-large:3.84%;--awb-margin-bottom-large:16px;--awb-spacing-left-large:3.84%;--awb-width-medium:50%;--awb-order-medium:0;--awb-spacing-right-medium:3.84%;--awb-spacing-left-medium:3.84%;--awb-width-small:100%;--awb-order-small:0;--awb-spacing-right-small:1.92%;--awb-spacing-left-small:1.92%;\" data-scroll-devices=\"small-visibility,medium-visibility,large-visibility\"><div class=\"fusion-column-wrapper fusion-column-has-shadow fusion-flex-justify-content-center fusion-content-layout-column\"><div class=\"fusion-title title fusion-title-3 fusion-sep-none fusion-title-text fusion-title-size-two\"><h2 class=\"fusion-title-heading title-heading-left fusion-responsive-typography-calculated\" style=\"margin:0;--fontSize:48;line-height:1.18;\">\u00bf Qu\u00e8 tenir en compte en llogar un pis a X\u00e0tiva?<\/h2><\/div><div class=\"fusion-text fusion-text-3\"><ul data-start=\"2226\" data-end=\"2504\">\n<li class=\"\" data-start=\"2226\" data-end=\"2295\">\n<p class=\"\" data-start=\"2228\" data-end=\"2295\">Defineix les teves prioritats: zona, n\u00famero d&#8217;habitacions, pressupost<\/p>\n<\/li>\n<li class=\"\" data-start=\"2296\" data-end=\"2335\">\n<p class=\"\" data-start=\"2298\" data-end=\"2335\">Consulta la documentaci\u00f3 necess\u00e0ria<\/p>\n<\/li>\n<li class=\"\" data-start=\"2336\" data-end=\"2385\">\n<p class=\"\" data-start=\"2338\" data-end=\"2385\">Revisa b\u00e9 el contracte (t&#8217;ajudem amb aix\u00f2)<\/p>\n<\/li>\n<li class=\"\" data-start=\"2386\" data-end=\"2445\">\n<p class=\"\" data-start=\"2388\" data-end=\"2445\">Verifica els serveis inclosos (aigua, llum, comunitat)<\/p>\n<\/li>\n<li class=\"\" data-start=\"2446\" data-end=\"2504\">\n<p class=\"\" data-start=\"2448\" data-end=\"2504\">Demana una visita a l&#8217;immoble amb un dels nostres assessors<\/p>\n<\/li>\n<\/ul>\n<p class=\"\" data-start=\"2506\" data-end=\"2581\">El nostre comprom\u00eds \u00e9s acompanyar-te pas a pas. No ets nom\u00e9s en el proc\u00e9s. <\/p>\n<\/div><\/div><\/div><\/div><\/div><div class=\"fusion-fullwidth fullwidth-box fusion-builder-row-4 fusion-flex-container has-pattern-background has-mask-background nonhundred-percent-fullwidth non-hundred-percent-height-scrolling\" style=\"--awb-border-radius-top-left:0px;--awb-border-radius-top-right:0px;--awb-border-radius-bottom-right:0px;--awb-border-radius-bottom-left:0px;--awb-margin-top:40px;--awb-flex-wrap:wrap;\" ><div class=\"fusion-builder-row fusion-row fusion-flex-align-items-flex-start fusion-flex-content-wrap\" style=\"max-width:1456px;margin-left: calc(-4% \/ 2 );margin-right: calc(-4% \/ 2 );\"><div class=\"fusion-layout-column fusion_builder_column fusion-builder-column-6 fusion_builder_column_1_1 1_1 fusion-flex-column fusion-flex-align-self-center\" style=\"--awb-bg-size:cover;--awb-width-large:100%;--awb-margin-top-large:16px;--awb-spacing-right-large:1.92%;--awb-margin-bottom-large:16px;--awb-spacing-left-large:1.92%;--awb-width-medium:100%;--awb-order-medium:0;--awb-spacing-right-medium:1.92%;--awb-spacing-left-medium:1.92%;--awb-width-small:100%;--awb-order-small:0;--awb-spacing-right-small:1.92%;--awb-spacing-left-small:1.92%;\" data-scroll-devices=\"small-visibility,medium-visibility,large-visibility\"><div class=\"fusion-column-wrapper fusion-column-has-shadow fusion-flex-justify-content-center fusion-content-layout-column\"><div class=\"fusion-title title fusion-title-4 fusion-sep-none fusion-title-center fusion-title-text fusion-title-size-two\"><h2 class=\"fusion-title-heading title-heading-center fusion-responsive-typography-calculated\" style=\"margin:0;--fontSize:48;line-height:1.18;\">Visita&#8217;ns al centre de X\u00e0tiva<\/h2><\/div><div class=\"fusion-text fusion-text-4\" style=\"--awb-content-alignment:center;\"><p class=\"\" data-start=\"2628\" data-end=\"2671\">Ens trobem al cor de la ciutat:<\/p>\n<p class=\"\" data-start=\"2673\" data-end=\"2850\"><strong data-start=\"2673\" data-end=\"2693\">Punt Immobiliari<\/strong><br data-start=\"2693\" data-end=\"2696\"> \ud83d\udccd Portal de Sant Francesc, 10 \u2013 entres\u00f2l<br data-start=\"2739\" data-end=\"2742\"> 46800 X\u00e0tiva \u2013 Val\u00e8ncia<br data-start=\"2765\" data-end=\"2768\"> \ud83d\udcde Tel. 697 286 152<br data-start=\"2787\" data-end=\"2790\"> \u2709\ufe0f <a class=\"cursor-pointer\" rel=\"noopener\" data-start=\"2793\" data-end=\"2850\">info@puntimmobiliari.es<\/a><\/p>\n<\/div><div style=\"text-align:center;\"><a class=\"fusion-button button-flat fusion-button-default-size button-default fusion-button-default button-3 fusion-button-default-span fusion-button-default-type\" target=\"_self\" href=\"https:\/\/puntimmobiliari.es\/ca\/contacte\/\"><span class=\"fusion-button-text\">Contacti&#8217;ns<\/span><\/a><\/div><\/div><\/div><\/div><\/div><\/p>\n","protected":false},"excerpt":{"rendered":"","protected":false},"author":36,"featured_media":0,"parent":0,"menu_order":0,"comment_status":"closed","ping_status":"closed","template":"100-width.php","meta":{"footnotes":""},"class_list":["post-22291","page","type-page","status-publish","hentry"],"acf":[],"yoast_head":"<!-- This site is optimized with the Yoast SEO plugin v24.7 - https:\/\/yoast.com\/wordpress\/plugins\/seo\/ -->\n<title>Lloguer Pis X\u00e0tiva | Troba la teva nova llar amb Punt Immobiliari<\/title>\n<meta name=\"description\" content=\"Busques un pis de lloguer a X\u00e0tiva? A Punt Immobiliari us oferim pisos adaptats a les vostres necessitats. 30 anys dexperi\u00e8ncia, atenci\u00f3 personalitzada i transpar\u00e8ncia.\" \/>\n<meta name=\"robots\" content=\"index, follow, max-snippet:-1, max-image-preview:large, max-video-preview:-1\" \/>\n<link rel=\"canonical\" href=\"https:\/\/puntimmobiliari.es\/ca\/lloguer-pis-xativa\/\" \/>\n<meta property=\"og:locale\" content=\"ca_ES\" \/>\n<meta property=\"og:type\" content=\"article\" \/>\n<meta property=\"og:title\" content=\"Lloguer Pis X\u00e0tiva | Troba la teva nova llar amb Punt Immobiliari\" \/>\n<meta property=\"og:description\" content=\"Busques un pis de lloguer a X\u00e0tiva? A Punt Immobiliari us oferim pisos adaptats a les vostres necessitats. 30 anys dexperi\u00e8ncia, atenci\u00f3 personalitzada i transpar\u00e8ncia.\" \/>\n<meta property=\"og:url\" content=\"https:\/\/puntimmobiliari.es\/ca\/lloguer-pis-xativa\/\" \/>\n<meta property=\"og:site_name\" content=\"Jose Manuel Chafer Descals\" \/>\n<meta property=\"article:modified_time\" content=\"2025-05-16T12:40:05+00:00\" \/>\n<meta name=\"twitter:card\" content=\"summary_large_image\" \/>\n<meta name=\"twitter:label1\" content=\"Temps estimat de lectura\" \/>\n\t<meta name=\"twitter:data1\" content=\"38 minuts\" \/>\n<!-- \/ Yoast SEO plugin. -->","yoast_head_json":{"title":"Lloguer Pis X\u00e0tiva | Troba la teva nova llar amb Punt Immobiliari","description":"Busques un pis de lloguer a X\u00e0tiva? A Punt Immobiliari us oferim pisos adaptats a les vostres necessitats. 30 anys dexperi\u00e8ncia, atenci\u00f3 personalitzada i transpar\u00e8ncia.","robots":{"index":"index","follow":"follow","max-snippet":"max-snippet:-1","max-image-preview":"max-image-preview:large","max-video-preview":"max-video-preview:-1"},"canonical":"https:\/\/puntimmobiliari.es\/ca\/lloguer-pis-xativa\/","og_locale":"ca_ES","og_type":"article","og_title":"Lloguer Pis X\u00e0tiva | Troba la teva nova llar amb Punt Immobiliari","og_description":"Busques un pis de lloguer a X\u00e0tiva? A Punt Immobiliari us oferim pisos adaptats a les vostres necessitats. 30 anys dexperi\u00e8ncia, atenci\u00f3 personalitzada i transpar\u00e8ncia.","og_url":"https:\/\/puntimmobiliari.es\/ca\/lloguer-pis-xativa\/","og_site_name":"Jose Manuel Chafer Descals","article_modified_time":"2025-05-16T12:40:05+00:00","twitter_card":"summary_large_image","twitter_misc":{"Temps estimat de lectura":"38 minuts"},"schema":{"@context":"https:\/\/schema.org","@graph":[{"@type":"WebPage","@id":"https:\/\/puntimmobiliari.es\/ca\/lloguer-pis-xativa\/","url":"https:\/\/puntimmobiliari.es\/ca\/lloguer-pis-xativa\/","name":"Lloguer Pis X\u00e0tiva | Troba la teva nova llar amb Punt Immobiliari","isPartOf":{"@id":"https:\/\/puntimmobiliari.es\/#website"},"datePublished":"2025-05-16T12:38:04+00:00","dateModified":"2025-05-16T12:40:05+00:00","description":"Busques un pis de lloguer a X\u00e0tiva? A Punt Immobiliari us oferim pisos adaptats a les vostres necessitats. 30 anys dexperi\u00e8ncia, atenci\u00f3 personalitzada i transpar\u00e8ncia.","breadcrumb":{"@id":"https:\/\/puntimmobiliari.es\/ca\/lloguer-pis-xativa\/#breadcrumb"},"inLanguage":"ca","potentialAction":[{"@type":"ReadAction","target":["https:\/\/puntimmobiliari.es\/ca\/lloguer-pis-xativa\/"]}]},{"@type":"BreadcrumbList","@id":"https:\/\/puntimmobiliari.es\/ca\/lloguer-pis-xativa\/#breadcrumb","itemListElement":[{"@type":"ListItem","position":1,"name":"Portada","item":"https:\/\/puntimmobiliari.es\/ca\/"},{"@type":"ListItem","position":2,"name":"Lloguer pis Xativa"}]},{"@type":"WebSite","@id":"https:\/\/puntimmobiliari.es\/#website","url":"https:\/\/puntimmobiliari.es\/","name":"Jose Manuel Chafer Descals","description":"Inmobiliaria Xativa","potentialAction":[{"@type":"SearchAction","target":{"@type":"EntryPoint","urlTemplate":"https:\/\/puntimmobiliari.es\/?s={search_term_string}"},"query-input":{"@type":"PropertyValueSpecification","valueRequired":true,"valueName":"search_term_string"}}],"inLanguage":"ca"}]}},"_links":{"self":[{"href":"https:\/\/puntimmobiliari.es\/ca\/wp-json\/wp\/v2\/pages\/22291","targetHints":{"allow":["GET"]}}],"collection":[{"href":"https:\/\/puntimmobiliari.es\/ca\/wp-json\/wp\/v2\/pages"}],"about":[{"href":"https:\/\/puntimmobiliari.es\/ca\/wp-json\/wp\/v2\/types\/page"}],"author":[{"embeddable":true,"href":"https:\/\/puntimmobiliari.es\/ca\/wp-json\/wp\/v2\/users\/36"}],"replies":[{"embeddable":true,"href":"https:\/\/puntimmobiliari.es\/ca\/wp-json\/wp\/v2\/comments?post=22291"}],"version-history":[{"count":2,"href":"https:\/\/puntimmobiliari.es\/ca\/wp-json\/wp\/v2\/pages\/22291\/revisions"}],"predecessor-version":[{"id":22293,"href":"https:\/\/puntimmobiliari.es\/ca\/wp-json\/wp\/v2\/pages\/22291\/revisions\/22293"}],"wp:attachment":[{"href":"https:\/\/puntimmobiliari.es\/ca\/wp-json\/wp\/v2\/media?parent=22291"}],"curies":[{"name":"wp","href":"https:\/\/api.w.org\/{rel}","templated":true}]}}